{"id":2,"date":"2016-05-10T03:48:21","date_gmt":"2016-05-10T03:48:21","guid":{"rendered":"http:\/\/steelwinehoney.de\/?page_id=2"},"modified":"2019-07-13T08:59:32","modified_gmt":"2019-07-13T08:59:32","slug":"sample-page","status":"publish","type":"page","link":"https:\/\/steelwinehoney.de\/?page_id=2","title":{"rendered":"\u00dcber uns"},"content":{"rendered":"<div dir=\"auto\">\u201cSteel, Wine &amp; Honey\u201d: Drei Elemente, die unterschiedlicher nicht sein k\u00f6nnen. Und dennoch verbindet uns Einiges. Zum einen eine jahrelange Freundschaft und zum anderen nat\u00fcrlich die Freude an der Musik. Eine Obsession, der wir schon in jungen Jahren verfallen sind und die jeden von uns bis heute begleitet. So haben wir seit unserer Kindheit in den verschiedensten Kombinationen miteinander Musik gemacht: Bislang jedoch nie gemeinsam.<\/div>\n<div dir=\"auto\">&nbsp;<\/div>\n<div dir=\"auto\">Aber was haben nun Steel, Wine &amp; Honey mit uns zu tun?<\/div>\n<div dir=\"auto\">Was einen Menschen in seinem Tun antreibt ist die Leidenschaft, etwas mit Herz und Freude zu machen.<\/div>\n<div dir=\"auto\">Eine unserer Leidenschaften ist die Musik \u2013 die Leidenschaften unserer V\u00e4ter sind unter anderem ihr Handwerk: Die Esse anfeuern und das hei\u00dfe Eisen schmieden, die Reben kultivieren, woraus ein guter Tropfen gekeltert wird, oder das Bienenvolk versorgen um daraus den Honig aus den Waben zu gewinnen. Das Resultat: Kunstwerke, geformt aus STEEL, einen guten Tropfen WINE zum genie\u00dfen \u201e&amp;\u201c HONEY, der jedem Tag eine wichtige Note S\u00fc\u00dfe hinzugibt.<\/div>\n<div dir=\"auto\">Zu guter Letzt ist da noch das \u201e&amp;\u201c in unserem Namen. Ein \u201eUND\u201c verbindet. Es deutet darauf hin, dass da noch mehr kommen wird. Wir sind froh, dass wir nach unserem Start zu dritt noch jemanden gefunden haben, der die Leidenschaft Musik mit uns teilt UND mit dem wir auch freundschaftlich verbunden sind.&nbsp;<\/div>\n<div dir=\"auto\">&nbsp;<\/div>\n<div dir=\"auto\">Wir m\u00f6chten mit unserer Musik Lieder, die uns gefallen, zu unseren eigenen Kunstwerken formen, Menschen dazu einladen, dies zu genie\u00dfen und ihnen damit ihren Tag vers\u00fc\u00dfen.<\/div>\n<div dir=\"auto\">&nbsp;<\/div>\n<div dir=\"auto\">\u201cSteel\u201d \u2013 Felix Schmetzer (Gitarre, Gesang, Bass)<\/div>\n<div dir=\"auto\">\u201cWine\u201d \u2013 Moritz Winkler (Gesang, Melodika, Gitarre, Bass)<\/div>\n<div dir=\"auto\">\u201cHoney\u201d \u2013 Hans-Martin Wei\u00df (Gitarre, Gesang, Bass)<\/div>\n<div dir=\"auto\">\u201e&amp;\u201c \u2013 Kim Waldmann (Percussions, Beats)<\/div>\n<p>&nbsp;<\/p>\n","protected":false},"excerpt":{"rendered":"<p>\u201cSteel, Wine &amp; Honey\u201d: Drei Elemente, die unterschiedlicher nicht sein k\u00f6nnen. Und dennoch verbindet uns Einiges. Zum einen eine jahrelange Freundschaft und zum anderen nat\u00fcrlich die Freude an der Musik.<a href=\"https:\/\/steelwinehoney.de\/?page_id=2\" class=\"more-link\"><span class=\"readmore\">erfahre mehr&#8230;<span class=\"screen-reader-text\">\u00dcber uns<\/span><\/span><\/a><\/p>\n","protected":false},"author":1,"featured_media":0,"parent":0,"menu_order":0,"comment_status":"closed","ping_status":"open","template":"","meta":{"_exactmetrics_skip_tracking":false,"_exactmetrics_sitenote_active":false,"_exactmetrics_sitenote_note":"","_exactmetrics_sitenote_category":0,"ngg_post_thumbnail":0},"_links":{"self":[{"href":"https:\/\/steelwinehoney.de\/index.php?rest_route=\/wp\/v2\/pages\/2"}],"collection":[{"href":"https:\/\/steelwinehoney.de\/index.php?rest_route=\/wp\/v2\/pages"}],"about":[{"href":"https:\/\/steelwinehoney.de\/index.php?rest_route=\/wp\/v2\/types\/page"}],"author":[{"embeddable":true,"href":"https:\/\/steelwinehoney.de\/index.php?rest_route=\/wp\/v2\/users\/1"}],"replies":[{"embeddable":true,"href":"https:\/\/steelwinehoney.de\/index.php?rest_route=%2Fwp%2Fv2%2Fcomments&post=2"}],"version-history":[{"count":9,"href":"https:\/\/steelwinehoney.de\/index.php?rest_route=\/wp\/v2\/pages\/2\/revisions"}],"predecessor-version":[{"id":559,"href":"https:\/\/steelwinehoney.de\/index.php?rest_route=\/wp\/v2\/pages\/2\/revisions\/559"}],"wp:attachment":[{"href":"https:\/\/steelwinehoney.de\/index.php?rest_route=%2Fwp%2Fv2%2Fmedia&parent=2"}],"curies":[{"name":"wp","href":"https:\/\/api.w.org\/{rel}","templated":true}]}}