{"id":31,"date":"2018-08-22T10:01:16","date_gmt":"2018-08-22T10:01:16","guid":{"rendered":"http:\/\/steelwinehoney.de\/?page_id=31"},"modified":"2025-06-23T15:49:31","modified_gmt":"2025-06-23T15:49:31","slug":"kontakt","status":"publish","type":"page","link":"https:\/\/steelwinehoney.de\/?page_id=31","title":{"rendered":"Kontakt"},"content":{"rendered":"<p>F\u00fcr Anfragen, Kritik, Lob, Anregungen, W\u00fcnsche, allgemeine Fragen oder Feedback sind wir \u00fcber info@steelwinehoney.de&nbsp;oder \u00fcber das Kontaktformular erreichbar:<\/p>\n<div class=\"wpforms-container wpforms-container-full\" id=\"wpforms-147\"><form id=\"wpforms-form-147\" class=\"wpforms-validate wpforms-form\" data-formid=\"147\" method=\"post\" enctype=\"multipart\/form-data\" action=\"\/index.php?rest_route=%2Fwp%2Fv2%2Fpages%2F31\" data-token=\"270c11256367c904fe3569f602488bcf\" data-token-time=\"1776384732\"><noscript class=\"wpforms-error-noscript\">Bitte aktiviere JavaScript in deinem Browser, um dieses Formular fertigzustellen.<\/noscript><div class=\"wpforms-field-container\"><div id=\"wpforms-147-field_2-container\" class=\"wpforms-field wpforms-field-textarea\" data-field-id=\"2\"><label class=\"wpforms-field-label\" for=\"wpforms-147-field_2\">Kommentar oder Nachricht <span class=\"wpforms-required-label\">*<\/span><\/label><textarea id=\"wpforms-147-field_2\" class=\"wpforms-field-medium wpforms-field-required\" name=\"wpforms[fields][2]\" required><\/textarea><\/div><div id=\"wpforms-147-field_0-container\" class=\"wpforms-field wpforms-field-name\" data-field-id=\"0\"><label class=\"wpforms-field-label\">Name <span class=\"wpforms-required-label\">*<\/span><\/label><div class=\"wpforms-field-row wpforms-field-medium\"><div class=\"wpforms-field-row-block wpforms-first wpforms-one-half\"><input type=\"text\" id=\"wpforms-147-field_0\" class=\"wpforms-field-name-first wpforms-field-required\" name=\"wpforms[fields][0][first]\" required><label for=\"wpforms-147-field_0\" class=\"wpforms-field-sublabel after\">Vorname<\/label><\/div><div class=\"wpforms-field-row-block wpforms-one-half\"><input type=\"text\" id=\"wpforms-147-field_0-last\" class=\"wpforms-field-name-last wpforms-field-required\" name=\"wpforms[fields][0][last]\" required><label for=\"wpforms-147-field_0-last\" class=\"wpforms-field-sublabel after\">Nachname<\/label><\/div><\/div><\/div><div id=\"wpforms-147-field_1-container\" class=\"wpforms-field wpforms-field-email\" data-field-id=\"1\"><label class=\"wpforms-field-label\" for=\"wpforms-147-field_1\">E-Mail-Adresse <span class=\"wpforms-required-label\">*<\/span><\/label><input type=\"email\" id=\"wpforms-147-field_1\" class=\"wpforms-field-medium wpforms-field-required\" name=\"wpforms[fields][1]\" spellcheck=\"false\" required><\/div><\/div><!-- .wpforms-field-container --><div class=\"wpforms-field wpforms-field-hp\"><label for=\"wpforms-147-field-hp\" class=\"wpforms-field-label\">Phone<\/label><input type=\"text\" name=\"wpforms[hp]\" id=\"wpforms-147-field-hp\" class=\"wpforms-field-medium\"><\/div><div class=\"wpforms-submit-container\" ><input type=\"hidden\" name=\"wpforms[id]\" value=\"147\"><input type=\"hidden\" name=\"page_title\" value=\"\"><input type=\"hidden\" name=\"page_url\" value=\"https:\/\/steelwinehoney.de\/index.php?rest_route=\/wp\/v2\/pages\/31\"><input type=\"hidden\" name=\"url_referer\" value=\"\"><button type=\"submit\" name=\"wpforms[submit]\" id=\"wpforms-submit-147\" class=\"wpforms-submit\" data-alt-text=\"Sende...\" data-submit-text=\"Senden\" aria-live=\"assertive\" value=\"wpforms-submit\">Senden<\/button><\/div><\/form><\/div>  <!-- .wpforms-container -->\n<p><em>Hinweis zur Datenerfassung: Ich bin damit einverstanden, dass meine Daten f\u00fcr die oben genannten Zwecke gespeichert und genutzt werden. Die eingegeben Daten dienen nur zum Zwecke einer Angebotserstellung bzw. Kontaktaufnahme auf Ihre Anfrage hin. Nach abgeschlossenem Auftrag bzw. Nicht-Zustandekommen werden diese gel\u00f6scht. Es gilt die <a href=\"http:\/\/steelwinehoney.de\/?page_id=135\">Datenschutzerkl\u00e4rung.<\/a><\/em><\/p>\n<h4>Impressum<\/h4>\n<p>&#8222;Steel, Wine &amp; Honey&#8220;<br \/>\nFelix Schmetzer, Moritz Winkler, Kim, Waldmann, Hans-Martin Wei\u00df<br \/>\nNeunundneunzig G\u00e4rten 9, 95445 Bayreuth<br \/>\nmail: info@steelwinehoney.de<\/p>\n","protected":false},"excerpt":{"rendered":"<p>F\u00fcr Anfragen, Kritik, Lob, Anregungen, W\u00fcnsche, allgemeine Fragen oder Feedback sind wir \u00fcber info@steelwinehoney.de&nbsp;oder \u00fcber das Kontaktformular erreichbar: Hinweis zur Datenerfassung: Ich bin damit einverstanden, dass meine Daten f\u00fcr die<a href=\"https:\/\/steelwinehoney.de\/?page_id=31\" class=\"more-link\"><span class=\"readmore\">erfahre mehr&#8230;<span class=\"screen-reader-text\">Kontakt<\/span><\/span><\/a><\/p>\n","protected":false},"author":1,"featured_media":0,"parent":0,"menu_order":0,"comment_status":"closed","ping_status":"closed","template":"","meta":{"_exactmetrics_skip_tracking":false,"_exactmetrics_sitenote_active":false,"_exactmetrics_sitenote_note":"","_exactmetrics_sitenote_category":0,"ngg_post_thumbnail":0},"_links":{"self":[{"href":"https:\/\/steelwinehoney.de\/index.php?rest_route=\/wp\/v2\/pages\/31"}],"collection":[{"href":"https:\/\/steelwinehoney.de\/index.php?rest_route=\/wp\/v2\/pages"}],"about":[{"href":"https:\/\/steelwinehoney.de\/index.php?rest_route=\/wp\/v2\/types\/page"}],"author":[{"embeddable":true,"href":"https:\/\/steelwinehoney.de\/index.php?rest_route=\/wp\/v2\/users\/1"}],"replies":[{"embeddable":true,"href":"https:\/\/steelwinehoney.de\/index.php?rest_route=%2Fwp%2Fv2%2Fcomments&post=31"}],"version-history":[{"count":18,"href":"https:\/\/steelwinehoney.de\/index.php?rest_route=\/wp\/v2\/pages\/31\/revisions"}],"predecessor-version":[{"id":798,"href":"https:\/\/steelwinehoney.de\/index.php?rest_route=\/wp\/v2\/pages\/31\/revisions\/798"}],"wp:attachment":[{"href":"https:\/\/steelwinehoney.de\/index.php?rest_route=%2Fwp%2Fv2%2Fmedia&parent=31"}],"curies":[{"name":"wp","href":"https:\/\/api.w.org\/{rel}","templated":true}]}}