{"id":395,"date":"2018-08-31T17:03:34","date_gmt":"2018-08-31T17:03:34","guid":{"rendered":"http:\/\/steelwinehoney.de\/?page_id=395"},"modified":"2020-09-02T17:50:28","modified_gmt":"2020-09-02T17:50:28","slug":"setliste","status":"publish","type":"page","link":"https:\/\/steelwinehoney.de\/?page_id=395","title":{"rendered":"Setliste"},"content":{"rendered":"<p>Wir sprechen den Rahmen und das Ziel mit Ihnen ab und gehen auch auf Lied-Sonderw\u00fcnsche ein um die Veranstaltung bestm\u00f6glichst zu umrahmen. <a href=\"http:\/\/steelwinehoney.de\/?page_id=31\">Schreiben<\/a>&nbsp;Sie uns einfach an bei Fragen und W\u00fcnschen.<\/p>\n<h4>&nbsp;Hier ein Auszug unserer Setliste:<\/h4>\n<p>Another cup of coffee &#8211; &nbsp;Mike and the Mechanics<br \/>\nBlue suede shoes &#8211; Elvis Presley<br \/>\nBoys of Summer &#8211; Don Henley<br \/>\nCastle on the hill &#8211; Ed Sheeran<br \/>\nEin Kompliment &#8211; Sportfreunde Stiller<br \/>\nFather and son &#8211;&nbsp;Cat Stevens<br \/>\nFolsom Prison Blues &#8211; Johnny Cash<br \/>\nHere I go again &#8211;&nbsp;Whitesnake<br \/>\nI won&#8217;t back down&nbsp;&#8211; Tom Petty<br \/>\nJack and Diane &#8211;&nbsp;John Mellencamp<br \/>\nLay down Sally &#8211; Eric Clapton<br \/>\nCan&#8217;t by me love &#8211; The Beatles<br \/>\nMan on the moon &#8211; REM<br \/>\nJohnny B. Goode &#8211; Chuck Berry<br \/>\nMein Ding &#8211; Udo Lindenberg<br \/>\nPush &#8211;&nbsp;Matchbox Twenty<br \/>\nSomeday I&#8217;ll be saturday night &#8211;&nbsp;Bon Jovi<br \/>\nSpinner &#8211; Revolverheld<br \/>\nCrazy little thing called love &#8211; Queen<br \/>\nHey Ya! &#8211; Outkast<br \/>\nHammer to Fall &#8211; Queen<br \/>\nDon&#8217;t stop me now &#8211; Queen<br \/>\nDon&#8217;t stop believin&#8216; &#8211; Journey<br \/>\nThe Boxer &#8211; Simon and Garfunkel<br \/>\nWas soll das &#8211;&nbsp;Herbert Groenemeyer<br \/>\nWeather with you -Crowded House<br \/>\nWish you were here &#8211; Pink Floyd<\/p>\n<p>&nbsp;<\/p>\n","protected":false},"excerpt":{"rendered":"<p>Wir sprechen den Rahmen und das Ziel mit Ihnen ab und gehen auch auf Lied-Sonderw\u00fcnsche ein um die Veranstaltung bestm\u00f6glichst zu umrahmen. Schreiben&nbsp;Sie uns einfach an bei Fragen und W\u00fcnschen.<a href=\"https:\/\/steelwinehoney.de\/?page_id=395\" class=\"more-link\"><span class=\"readmore\">erfahre mehr&#8230;<span class=\"screen-reader-text\">Setliste<\/span><\/span><\/a><\/p>\n","protected":false},"author":1,"featured_media":0,"parent":0,"menu_order":0,"comment_status":"closed","ping_status":"closed","template":"","meta":{"_exactmetrics_skip_tracking":false,"_exactmetrics_sitenote_active":false,"_exactmetrics_sitenote_note":"","_exactmetrics_sitenote_category":0,"ngg_post_thumbnail":0},"_links":{"self":[{"href":"https:\/\/steelwinehoney.de\/index.php?rest_route=\/wp\/v2\/pages\/395"}],"collection":[{"href":"https:\/\/steelwinehoney.de\/index.php?rest_route=\/wp\/v2\/pages"}],"about":[{"href":"https:\/\/steelwinehoney.de\/index.php?rest_route=\/wp\/v2\/types\/page"}],"author":[{"embeddable":true,"href":"https:\/\/steelwinehoney.de\/index.php?rest_route=\/wp\/v2\/users\/1"}],"replies":[{"embeddable":true,"href":"https:\/\/steelwinehoney.de\/index.php?rest_route=%2Fwp%2Fv2%2Fcomments&post=395"}],"version-history":[{"count":7,"href":"https:\/\/steelwinehoney.de\/index.php?rest_route=\/wp\/v2\/pages\/395\/revisions"}],"predecessor-version":[{"id":661,"href":"https:\/\/steelwinehoney.de\/index.php?rest_route=\/wp\/v2\/pages\/395\/revisions\/661"}],"wp:attachment":[{"href":"https:\/\/steelwinehoney.de\/index.php?rest_route=%2Fwp%2Fv2%2Fmedia&parent=395"}],"curies":[{"name":"wp","href":"https:\/\/api.w.org\/{rel}","templated":true}]}}